{"id":2662,"date":"2025-09-26T09:52:57","date_gmt":"2025-09-26T07:52:57","guid":{"rendered":"https:\/\/www.aapca.net\/flight-simulator\/"},"modified":"2025-09-26T10:04:25","modified_gmt":"2025-09-26T08:04:25","slug":"flight-simulator","status":"publish","type":"page","link":"https:\/\/www.aapca.net\/en\/flight-simulator\/","title":{"rendered":"Flight simulator"},"content":{"rendered":"<p>[et_pb_section fb_built=&#8221;1&#8243; fullwidth=&#8221;on&#8221; _builder_version=&#8221;4.27.4&#8243; _module_preset=&#8221;default&#8221; global_colors_info=&#8221;{}&#8221;][et_pb_fullwidth_header title=&#8221;Flight simulator&#8221; _builder_version=&#8221;4.27.4&#8243; _module_preset=&#8221;default&#8221; title_font=&#8221;|600|||||||&#8221; background_image=&#8221;https:\/\/www.aapca.net\/wp-content\/uploads\/2025\/09\/Simulateur2-2025-scaled.jpg&#8221; custom_padding=&#8221;||83px|||&#8221; hover_enabled=&#8221;0&#8243; title_text_shadow_style=&#8221;preset3&#8243; global_colors_info=&#8221;{}&#8221; title_text=&#8221;Simulateur2 2025&#8243; sticky_enabled=&#8221;0&#8243;][\/et_pb_fullwidth_header][\/et_pb_section][et_pb_section fb_built=&#8221;1&#8243; _builder_version=&#8221;4.27.4&#8243; _module_preset=&#8221;default&#8221; global_colors_info=&#8221;{}&#8221;][et_pb_row _builder_version=&#8221;4.27.4&#8243; _module_preset=&#8221;default&#8221; global_colors_info=&#8221;{}&#8221;][et_pb_column type=&#8221;4_4&#8243; _builder_version=&#8221;4.27.4&#8243; _module_preset=&#8221;default&#8221; global_colors_info=&#8221;{}&#8221;][et_pb_text _builder_version=&#8221;4.27.4&#8243; _module_preset=&#8221;default&#8221; text_font=&#8221;|700|||||||&#8221; text_text_color=&#8221;#0C71C3&#8243; text_font_size=&#8221;28px&#8221; text_line_height=&#8221;1.2em&#8221; locked=&#8221;off&#8221; global_colors_info=&#8221;{}&#8221;]<\/p>\n<p>AAPCA&#8217;s Condor3 flight simulator<\/p>\n<p>[\/et_pb_text][et_pb_text _builder_version=&#8221;4.27.4&#8243; _module_preset=&#8221;default&#8221; global_colors_info=&#8221;{}&#8221;]<\/p>\n<p>An essential, economical and environmentally-friendly addition to basic training and campaign progression.<\/p>\n<p>Featuring a powerful flight computer for the CONDOR3 simulation software specialized for gliders, the simulator is equipped with a Virtual Reality headset and a screen scanning tool for wide peripheral vision!<\/p>\n<p>Following the progression of the pedagogical manual proposed by the F\u00e9d\u00e9ration Fran\u00e7aise de Vol a Voile (French Gliding Federation), the AAPCA simulator allows student pilots to evolve in an environment coherent with flight instruction, fully modeled for local and rural use from Fayence.<\/p>\n<p>Simulator lessons :<\/p>\n<ul>\n<li style=\"list-style-type: none;\">\n<ul>\n<li>Significantly increases the training potential of student pilots prior to real-flight exercises with an instructor,<\/li>\n<li>By substantially reducing the total cost of training future pilots<\/li>\n<li>And by significantly improving the training&#8217;s carbon footprint (less towing).<\/li>\n<\/ul>\n<\/li>\n<\/ul>\n<p>For students equipped with Condor 3 at home, training flights in the countryside can be carried out by appointment with a Simulator Instructor.<\/p>\n<p>&nbsp;<\/p>\n<p>[\/et_pb_text][et_pb_image src=&#8221;https:\/\/www.aapca.net\/wp-content\/uploads\/2025\/09\/Simulateur-2025-scaled.jpg&#8221; title_text=&#8221;Simulator 2025&#8243; _builder_version=&#8221;4.27.4&#8243; _module_preset=&#8221;default&#8221; global_colors_info=&#8221;{}&#8221;][\/et_pb_image][\/et_pb_column][\/et_pb_row][\/et_pb_section]<\/p>\n","protected":false},"excerpt":{"rendered":"<p>AAPCA&#8217;s Condor3 flight simulatorAn essential, economical and environmentally-friendly addition to basic training and campaign progression. Featuring a powerful flight computer for the CONDOR3 simulation software specialized for gliders, the simulator is equipped with a Virtual Reality headset and a screen scanning tool for wide peripheral vision! Following the progression of the pedagogical manual proposed by [&hellip;]<\/p>\n","protected":false},"author":2,"featured_media":0,"parent":0,"menu_order":0,"comment_status":"closed","ping_status":"closed","template":"","meta":{"_et_pb_use_builder":"on","_et_pb_old_content":"","_et_gb_content_width":"","footnotes":""},"class_list":["post-2662","page","type-page","status-publish","hentry"],"_links":{"self":[{"href":"https:\/\/www.aapca.net\/en\/wp-json\/wp\/v2\/pages\/2662","targetHints":{"allow":["GET"]}}],"collection":[{"href":"https:\/\/www.aapca.net\/en\/wp-json\/wp\/v2\/pages"}],"about":[{"href":"https:\/\/www.aapca.net\/en\/wp-json\/wp\/v2\/types\/page"}],"author":[{"embeddable":true,"href":"https:\/\/www.aapca.net\/en\/wp-json\/wp\/v2\/users\/2"}],"replies":[{"embeddable":true,"href":"https:\/\/www.aapca.net\/en\/wp-json\/wp\/v2\/comments?post=2662"}],"version-history":[{"count":13,"href":"https:\/\/www.aapca.net\/en\/wp-json\/wp\/v2\/pages\/2662\/revisions"}],"predecessor-version":[{"id":2677,"href":"https:\/\/www.aapca.net\/en\/wp-json\/wp\/v2\/pages\/2662\/revisions\/2677"}],"wp:attachment":[{"href":"https:\/\/www.aapca.net\/en\/wp-json\/wp\/v2\/media?parent=2662"}],"curies":[{"name":"wp","href":"https:\/\/api.w.org\/{rel}","templated":true}]}}