{"id":1477,"date":"2025-04-04T18:40:36","date_gmt":"2025-04-04T16:40:36","guid":{"rendered":"https:\/\/www.aapca.net\/2025-rates\/"},"modified":"2026-04-06T21:38:23","modified_gmt":"2026-04-06T19:38:23","slug":"rates","status":"publish","type":"page","link":"https:\/\/www.aapca.net\/en\/rates\/","title":{"rendered":"Rates"},"content":{"rendered":"<p>[et_pb_section fb_built=&#8221;1&#8243; fullwidth=&#8221;on&#8221; _builder_version=&#8221;4.27.4&#8243; _module_preset=&#8221;default&#8221; global_colors_info=&#8221;{}&#8221;][et_pb_fullwidth_header title=&#8221;2025 rates&#8221; _builder_version=&#8221;4.27.4&#8243; _module_preset=&#8221;default&#8221; background_image=&#8221;https:\/\/www.aapca.net\/wp-content\/uploads\/2024\/11\/F-CGUH_LS6.jpeg&#8221; custom_padding=&#8221;||83px|||&#8221; title_text_shadow_style=&#8221;preset3&#8243; global_colors_info=&#8221;{}&#8221;][\/et_pb_fullwidth_header][\/et_pb_section][et_pb_section fb_built=&#8221;1&#8243; _builder_version=&#8221;4.27.4&#8243; _module_preset=&#8221;default&#8221; global_colors_info=&#8221;{}&#8221;][et_pb_row column_structure=&#8221;1_3,1_3,1_3&#8243; _builder_version=&#8221;4.27.4&#8243; _module_preset=&#8221;default&#8221; global_colors_info=&#8221;{}&#8221;][et_pb_column type=&#8221;1_3&#8243; _builder_version=&#8221;4.27.4&#8243; _module_preset=&#8221;default&#8221; global_colors_info=&#8221;{}&#8221;][et_pb_cta title=&#8221;Year-round members&#8221; button_text=&#8221;Click Here&#8221; _builder_version=&#8221;4.27.6&#8243; _module_preset=&#8221;default&#8221; background_color=&#8221;#ffd600&#8243; background_layout=&#8221;light&#8221; module_alignment=&#8221;center&#8221; link_option_url=&#8221;https:\/\/www.aapca.net\/wp-content\/uploads\/2026\/04\/ENG_-Annual-Costs-2026_-01-04-2026.pdf&#8221; link_option_url_new_window=&#8221;on&#8221; hover_enabled=&#8221;0&#8243; global_colors_info=&#8221;{}&#8221; sticky_enabled=&#8221;0&#8243;][\/et_pb_cta][\/et_pb_column][et_pb_column type=&#8221;1_3&#8243; _builder_version=&#8221;4.27.4&#8243; _module_preset=&#8221;default&#8221; global_colors_info=&#8221;{}&#8221;][et_pb_cta title=&#8221;Temporary members&#8221; button_text=&#8221;Click Here&#8221; _builder_version=&#8221;4.27.6&#8243; _module_preset=&#8221;default&#8221; background_color=&#8221;#FFD600&#8243; background_layout=&#8221;light&#8221; link_option_url=&#8221;https:\/\/www.aapca.net\/wp-content\/uploads\/2026\/04\/ENG_-Temporary-Costs-2025_-01-04-2026.pdf&#8221; link_option_url_new_window=&#8221;on&#8221; hover_enabled=&#8221;0&#8243; global_colors_info=&#8221;{}&#8221; sticky_enabled=&#8221;0&#8243;][\/et_pb_cta][et_pb_cta title=&#8221;Temporary members (tariffs in German)&#8221; _builder_version=&#8221;4.27.6&#8243; _module_preset=&#8221;default&#8221; background_color=&#8221;#FFD600&#8243; background_layout=&#8221;light&#8221; link_option_url=&#8221;https:\/\/www.aapca.net\/wp-content\/uploads\/2026\/04\/DE_Preisliste-TempoMitglieder-2025_01-04-2026.pdf&#8221; link_option_url_new_window=&#8221;on&#8221; hover_enabled=&#8221;0&#8243; global_colors_info=&#8221;{}&#8221; sticky_enabled=&#8221;0&#8243;][\/et_pb_cta][\/et_pb_column][et_pb_column type=&#8221;1_3&#8243; _builder_version=&#8221;4.27.4&#8243; _module_preset=&#8221;default&#8221; global_colors_info=&#8221;{}&#8221;][et_pb_text _builder_version=&#8221;4.27.4&#8243; _module_preset=&#8221;default&#8221; custom_padding=&#8221;||8px|||&#8221; global_colors_info=&#8221;{}&#8221;]<\/p>\n<p><strong>Contact<\/strong><\/p>\n<p>AAPCA (Association A\u00e9ronautique Provence C\u00f4te d&#8217;Azur)<br \/>254 Chemin de l&#8217;A\u00e9rodrome Nord<br \/>83440 Fayence-Tourrettes<br \/>Email: <a href=\"mailto:contact@aapca.net\">contact@aapca.net<\/a><br \/>Phone: 33 (0)4 94 76 00 68<br \/><a href=\"https:\/\/maps.app.goo.gl\/wQnohgw3pdukWoNA6\" target=\"_blank\" rel=\"noopener\">Google Maps<\/a><\/p>\n<p>[\/et_pb_text][\/et_pb_column][\/et_pb_row][\/et_pb_section]<\/p>\n","protected":false},"excerpt":{"rendered":"<p>Contact AAPCA (Association A\u00e9ronautique Provence C\u00f4te d&#8217;Azur)254 Chemin de l&#8217;A\u00e9rodrome Nord83440 Fayence-TourrettesEmail: contact@aapca.netPhone: 33 (0)4 94 76 00 68Google Maps<\/p>\n","protected":false},"author":1,"featured_media":0,"parent":0,"menu_order":0,"comment_status":"closed","ping_status":"closed","template":"","meta":{"_et_pb_use_builder":"on","_et_pb_old_content":"","_et_gb_content_width":"","footnotes":""},"class_list":["post-1477","page","type-page","status-publish","hentry"],"_links":{"self":[{"href":"https:\/\/www.aapca.net\/en\/wp-json\/wp\/v2\/pages\/1477","targetHints":{"allow":["GET"]}}],"collection":[{"href":"https:\/\/www.aapca.net\/en\/wp-json\/wp\/v2\/pages"}],"about":[{"href":"https:\/\/www.aapca.net\/en\/wp-json\/wp\/v2\/types\/page"}],"author":[{"embeddable":true,"href":"https:\/\/www.aapca.net\/en\/wp-json\/wp\/v2\/users\/1"}],"replies":[{"embeddable":true,"href":"https:\/\/www.aapca.net\/en\/wp-json\/wp\/v2\/comments?post=1477"}],"version-history":[{"count":18,"href":"https:\/\/www.aapca.net\/en\/wp-json\/wp\/v2\/pages\/1477\/revisions"}],"predecessor-version":[{"id":3070,"href":"https:\/\/www.aapca.net\/en\/wp-json\/wp\/v2\/pages\/1477\/revisions\/3070"}],"wp:attachment":[{"href":"https:\/\/www.aapca.net\/en\/wp-json\/wp\/v2\/media?parent=1477"}],"curies":[{"name":"wp","href":"https:\/\/api.w.org\/{rel}","templated":true}]}}