{"id":1476,"date":"2025-04-13T12:41:23","date_gmt":"2025-04-13T10:41:23","guid":{"rendered":"https:\/\/www.aapca.net\/discovery-aerobatic-flight\/"},"modified":"2025-09-22T15:09:16","modified_gmt":"2025-09-22T13:09:16","slug":"discovery-aerobatic-flight","status":"publish","type":"page","link":"https:\/\/www.aapca.net\/en\/discovery-aerobatic-flight\/","title":{"rendered":"Discovery aerobatic flight"},"content":{"rendered":"<p>[et_pb_section fb_built=&#8221;1&#8243; fullwidth=&#8221;on&#8221; _builder_version=&#8221;4.27.4&#8243; _module_preset=&#8221;default&#8221; global_colors_info=&#8221;{}&#8221;][et_pb_fullwidth_header title=&#8221;Discovery flight aerobatics&#8221; _builder_version=&#8221;4.27.4&#8243; _module_preset=&#8221;default&#8221; background_image=&#8221;https:\/\/www.aapca.net\/wp-content\/uploads\/2018\/03\/Vero-up-and-down-HD-1-2.jpg&#8221; custom_padding=&#8221;||83px|||&#8221; title_text_shadow_style=&#8221;preset3&#8243; global_colors_info=&#8221;{}&#8221;][\/et_pb_fullwidth_header][\/et_pb_section][et_pb_section fb_built=&#8221;1&#8243; _builder_version=&#8221;4.27.4&#8243; _module_preset=&#8221;default&#8221; global_colors_info=&#8221;{}&#8221;][et_pb_row column_structure=&#8221;3_5,2_5&#8243; _builder_version=&#8221;4.27.4&#8243; _module_preset=&#8221;default&#8221; global_colors_info=&#8221;{}&#8221;][et_pb_column type=&#8221;3_5&#8243; _builder_version=&#8221;4.27.4&#8243; _module_preset=&#8221;default&#8221; global_colors_info=&#8221;{}&#8221;][et_pb_text _builder_version=&#8221;4.27.4&#8243; _module_preset=&#8221;default&#8221; text_font=&#8221;|700|||||||&#8221; text_text_color=&#8221;#0C71C3&#8243; text_font_size=&#8221;28px&#8221; text_line_height=&#8221;1.2em&#8221; hover_enabled=&#8221;0&#8243; global_colors_info=&#8221;{}&#8221; locked=&#8221;off&#8221; sticky_enabled=&#8221;0&#8243;]<\/p>\n<p><strong>Discover aerobatics in a glider &#8211; Original gift idea<\/strong><\/p>\n<p>[\/et_pb_text][et_pb_text _builder_version=&#8221;4.27.4&#8243; _module_preset=&#8221;default&#8221; hover_enabled=&#8221;0&#8243; global_colors_info=&#8221;{}&#8221; sticky_enabled=&#8221;0&#8243;]<\/p>\n<p>Treat yourself or a loved one to a gift voucher valid for one year!<\/p>\n<p>For thrill-seekers&#8230;<br \/>Aerobatics in a glider, lasting around 20 minutes.<\/p>\n<p>Single price: <span style=\"font-size: 14px;\">\u20ac210<\/span><\/p>\n<p>Contact us to organize this unique moment as soon as possible!<\/p>\n<p>[\/et_pb_text][\/et_pb_column][et_pb_column type=&#8221;2_5&#8243; _builder_version=&#8221;4.27.4&#8243; _module_preset=&#8221;default&#8221; global_colors_info=&#8221;{}&#8221;][et_pb_text _builder_version=&#8221;4.27.4&#8243; _module_preset=&#8221;default&#8221; background_color=&#8221;rgba(255,214,0,0.63)&#8221; custom_padding=&#8221;|8px|8px|8px|false|false&#8221; global_colors_info=&#8221;{}&#8221;]<\/p>\n<p><strong>Contact<\/strong><\/p>\n<p>AAPCA (Association A\u00e9ronautique Provence C\u00f4te d&#8217;Azur)<br \/>254 Chemin de l&#8217;A\u00e9rodrome Nord<br \/>83440 Fayence-Tourrettes<br \/>Email: <a href=\"mailto:contact@aapca.net\">contact@aapca.net<\/a><br \/>Phone: 33 (0)4 94 76 00 68<br \/><a href=\"https:\/\/maps.app.goo.gl\/wQnohgw3pdukWoNA6\" target=\"_blank\" rel=\"noopener\">Google Maps<\/a><\/p>\n<p>[\/et_pb_text][\/et_pb_column][\/et_pb_row][\/et_pb_section]<\/p>\n","protected":false},"excerpt":{"rendered":"<p>Discover aerobatics in a glider &#8211; Original gift ideaTreat yourself or a loved one to a gift voucher valid for one year! For thrill-seekers&#8230;Aerobatics in a glider, lasting around 20 minutes. Single price: \u20ac210 Contact us to organize this unique moment as soon as possible!Contact AAPCA (Association A\u00e9ronautique Provence C\u00f4te d&#8217;Azur)254 Chemin de l&#8217;A\u00e9rodrome Nord83440 [&hellip;]<\/p>\n","protected":false},"author":2,"featured_media":0,"parent":0,"menu_order":0,"comment_status":"closed","ping_status":"closed","template":"","meta":{"_et_pb_use_builder":"on","_et_pb_old_content":"","_et_gb_content_width":"","footnotes":""},"class_list":["post-1476","page","type-page","status-publish","hentry"],"_links":{"self":[{"href":"https:\/\/www.aapca.net\/en\/wp-json\/wp\/v2\/pages\/1476","targetHints":{"allow":["GET"]}}],"collection":[{"href":"https:\/\/www.aapca.net\/en\/wp-json\/wp\/v2\/pages"}],"about":[{"href":"https:\/\/www.aapca.net\/en\/wp-json\/wp\/v2\/types\/page"}],"author":[{"embeddable":true,"href":"https:\/\/www.aapca.net\/en\/wp-json\/wp\/v2\/users\/2"}],"replies":[{"embeddable":true,"href":"https:\/\/www.aapca.net\/en\/wp-json\/wp\/v2\/comments?post=1476"}],"version-history":[{"count":14,"href":"https:\/\/www.aapca.net\/en\/wp-json\/wp\/v2\/pages\/1476\/revisions"}],"predecessor-version":[{"id":2633,"href":"https:\/\/www.aapca.net\/en\/wp-json\/wp\/v2\/pages\/1476\/revisions\/2633"}],"wp:attachment":[{"href":"https:\/\/www.aapca.net\/en\/wp-json\/wp\/v2\/media?parent=1476"}],"curies":[{"name":"wp","href":"https:\/\/api.w.org\/{rel}","templated":true}]}}