{"id":1468,"date":"2025-04-05T12:00:28","date_gmt":"2025-04-05T10:00:28","guid":{"rendered":"https:\/\/www.aapca.net\/contact\/"},"modified":"2025-09-22T15:15:17","modified_gmt":"2025-09-22T13:15:17","slug":"contact","status":"publish","type":"page","link":"https:\/\/www.aapca.net\/en\/contact\/","title":{"rendered":"Contact"},"content":{"rendered":"<p>[et_pb_section fb_built=&#8221;1&#8243; fullwidth=&#8221;on&#8221; _builder_version=&#8221;4.27.4&#8243; _module_preset=&#8221;default&#8221; global_colors_info=&#8221;{}&#8221;][et_pb_fullwidth_header title=&#8221;Contact&#8221; button_one_text=&#8221;Discover gliding&#8221; button_one_url=&#8221;@ET-DC@eyJkeW5hbWljIjp0cnVlLCJjb250ZW50IjoicG9zdF9saW5rX3VybF9wYWdlIiwic2V0dGluZ3MiOnsicG9zdF9pZCI6IjYzMCIsImVuYWJsZV9odG1sIjoib2ZmIn19@&#8221; _builder_version=&#8221;4.27.4&#8243; _dynamic_attributes=&#8221;button_one_url&#8221; _module_preset=&#8221;default&#8221; background_image=&#8221;https:\/\/www.aapca.net\/wp-content\/uploads\/2024\/11\/F-CGUH_LS6.jpeg&#8221; custom_button_one=&#8221;on&#8221; button_one_text_color=&#8221;#000000&#8243; button_one_bg_color=&#8221;#ffd600&#8243; button_one_border_color=&#8221;RGBA(255,255,255,0)&#8221; custom_padding=&#8221;||83px|||&#8221; global_colors_info=&#8221;{}&#8221;][\/et_pb_fullwidth_header][\/et_pb_section][et_pb_section fb_built=&#8221;1&#8243; _builder_version=&#8221;4.27.4&#8243; _module_preset=&#8221;default&#8221; global_colors_info=&#8221;{}&#8221;][et_pb_row column_structure=&#8221;1_2,1_2&#8243; _builder_version=&#8221;4.27.4&#8243; _module_preset=&#8221;default&#8221; global_colors_info=&#8221;{}&#8221;][et_pb_column type=&#8221;1_2&#8243; _builder_version=&#8221;4.27.4&#8243; _module_preset=&#8221;default&#8221; global_colors_info=&#8221;{}&#8221;][et_pb_text _builder_version=&#8221;4.27.4&#8243; _module_preset=&#8221;default&#8221; custom_padding=&#8221;||8px|||&#8221; hover_enabled=&#8221;0&#8243; global_colors_info=&#8221;{}&#8221; sticky_enabled=&#8221;0&#8243;]<\/p>\n<p>AAPCA (Association A\u00e9ronautique Provence C\u00f4te d&#8217;Azur)<br \/>254 Chemin de l&#8217;A\u00e9rodrome Nord<br \/>83440 Fayence-Tourrettes<br \/>Email: <a href=\"mailto:contact@aapca.net\">contact@aapca.net<\/a><br \/>Phone: <a href=\"tel:+33494760068\">+33 (0)4 94 76 00 68<\/a><br \/><a href=\"https:\/\/maps.app.goo.gl\/wQnohgw3pdukWoNA6\" target=\"_blank\" rel=\"noopener\">Google Maps<\/a><\/p>\n<p>[\/et_pb_text][\/et_pb_column][et_pb_column type=&#8221;1_2&#8243; _builder_version=&#8221;4.27.4&#8243; _module_preset=&#8221;default&#8221; global_colors_info=&#8221;{}&#8221;][et_pb_image src=&#8221;https:\/\/www.aapca.net\/wp-content\/uploads\/2025\/04\/Map.jpg&#8221; title_text=&#8221;Map&#8221; url=&#8221;https:\/\/www.google.com\/maps\/place\/43%C2%B036&#8217;52.9%22N+6%C2%B041&#8217;53.4%22E\/@43.614684,6.698152,17z\/data=!3m1!4b1!4m4!3m3!8m2!3d43.614684!4d6.698152?entry=ttu&#038;g_ep=EgoyMDI1MDQwOS4wIKXMDSoJLDEwMjExNDU1SAFQAw%3D%3D&#8221; url_new_window=&#8221;on&#8221; _builder_version=&#8221;4.27.4&#8243; _module_preset=&#8221;default&#8221; global_colors_info=&#8221;{}&#8221;][\/et_pb_image][\/et_pb_column][\/et_pb_row][\/et_pb_section]<\/p>\n","protected":false},"excerpt":{"rendered":"<p>AAPCA (Association A\u00e9ronautique Provence C\u00f4te d&#8217;Azur)254 Chemin de l&#8217;A\u00e9rodrome Nord83440 Fayence-TourrettesEmail: contact@aapca.netPhone: +33 (0)4 94 76 00 68Google Maps<\/p>\n","protected":false},"author":1,"featured_media":0,"parent":0,"menu_order":0,"comment_status":"closed","ping_status":"closed","template":"","meta":{"_et_pb_use_builder":"on","_et_pb_old_content":"","_et_gb_content_width":"","footnotes":""},"class_list":["post-1468","page","type-page","status-publish","hentry"],"_links":{"self":[{"href":"https:\/\/www.aapca.net\/en\/wp-json\/wp\/v2\/pages\/1468","targetHints":{"allow":["GET"]}}],"collection":[{"href":"https:\/\/www.aapca.net\/en\/wp-json\/wp\/v2\/pages"}],"about":[{"href":"https:\/\/www.aapca.net\/en\/wp-json\/wp\/v2\/types\/page"}],"author":[{"embeddable":true,"href":"https:\/\/www.aapca.net\/en\/wp-json\/wp\/v2\/users\/1"}],"replies":[{"embeddable":true,"href":"https:\/\/www.aapca.net\/en\/wp-json\/wp\/v2\/comments?post=1468"}],"version-history":[{"count":17,"href":"https:\/\/www.aapca.net\/en\/wp-json\/wp\/v2\/pages\/1468\/revisions"}],"predecessor-version":[{"id":2640,"href":"https:\/\/www.aapca.net\/en\/wp-json\/wp\/v2\/pages\/1468\/revisions\/2640"}],"wp:attachment":[{"href":"https:\/\/www.aapca.net\/en\/wp-json\/wp\/v2\/media?parent=1468"}],"curies":[{"name":"wp","href":"https:\/\/api.w.org\/{rel}","templated":true}]}}